{"id":30951,"date":"2026-02-03T09:46:21","date_gmt":"2026-02-03T08:46:21","guid":{"rendered":"https:\/\/webbspain.com\/?page_id=30951"},"modified":"2026-02-03T10:04:05","modified_gmt":"2026-02-03T09:04:05","slug":"blog-grid","status":"publish","type":"page","link":"https:\/\/webbspain.com\/fr\/blog-grid\/","title":{"rendered":"Blog Grid"},"content":{"rendered":"<div data-elementor-type=\"wp-page\" data-elementor-id=\"30951\" class=\"elementor elementor-30951\">\n\t\t\t\t\r\n\t\t<div class=\"default no-position show_shadow rs-sticky-default elementor-element elementor-element-f1b7c6c e-flex e-con-boxed wpr-particle-no wpr-jarallax-no wpr-parallax-no wpr-sticky-section-no wpr-equal-height-no e-con e-parent\" data-id=\"f1b7c6c\" data-element_type=\"container\" data-e-type=\"container\">\n\t\t\t\t\t<div class=\"e-con-inner\">\n\t\t\r\n\t\t\t\t<div class=\"elementor-element elementor-element-f5388f4 elementor-widget elementor-widget-prelements-blog-gird\" data-id=\"f5388f4\" data-element_type=\"widget\" data-e-type=\"widget\" data-widget_type=\"prelements-blog-gird.default\">\n\t\t\t\t<div class=\"elementor-widget-container\">\n\t\t\t\t\t        <div class=\"prelements-blog-grid\">\r\n            <!-- Default Old Style -->\r\n            <div class=\"row blog_style_style2\">\r\n\t\t\t\t    <div class=\"pagination-area col-12\">\r\n        <div class=\"nav-links\">\r\n\t\t\t        <\/div>\r\n    <\/div>\r\n            <\/div>\r\n            <!-- End Default Old Style -->\r\n        <\/div>\r\n\t\t\t\t\t\t<\/div>\n\t\t\t\t<\/div>\n\t\t\t\t\t<\/div>\n\t\t\t\t<\/div>\n\t\t\t\t<\/div>","protected":false},"excerpt":{"rendered":"<p>Casos de \u00e9xito caso de \u00e9xito: Sistema Power &amp; Free en planta de automoci\u00f3n SECTOR Automoci\u00f3n Tipo de cliente OEM europeo Ubicaci\u00f3n Europa Contexto del proyecto Fabricante de automoci\u00f3n con producci\u00f3n multimodelo y altos&#8230; 11Min Read categor\u00eda cinco cateogr\u00eda tres Entrada blog de ejemplo This involves ensuring that the website architecture is user-friendly and that each page is optimized for specific keywords. Meta titles,&#8230; 22Min Read 1 2 3 Siguiente &raquo;<\/p>","protected":false},"author":3,"featured_media":0,"parent":0,"menu_order":0,"comment_status":"closed","ping_status":"closed","template":"","meta":{"footnotes":""},"class_list":["post-30951","page","type-page","status-publish","hentry"],"aioseo_notices":[],"_links":{"self":[{"href":"https:\/\/webbspain.com\/fr\/wp-json\/wp\/v2\/pages\/30951","targetHints":{"allow":["GET"]}}],"collection":[{"href":"https:\/\/webbspain.com\/fr\/wp-json\/wp\/v2\/pages"}],"about":[{"href":"https:\/\/webbspain.com\/fr\/wp-json\/wp\/v2\/types\/page"}],"author":[{"embeddable":true,"href":"https:\/\/webbspain.com\/fr\/wp-json\/wp\/v2\/users\/3"}],"replies":[{"embeddable":true,"href":"https:\/\/webbspain.com\/fr\/wp-json\/wp\/v2\/comments?post=30951"}],"version-history":[{"count":0,"href":"https:\/\/webbspain.com\/fr\/wp-json\/wp\/v2\/pages\/30951\/revisions"}],"wp:attachment":[{"href":"https:\/\/webbspain.com\/fr\/wp-json\/wp\/v2\/media?parent=30951"}],"curies":[{"name":"wp","href":"https:\/\/api.w.org\/{rel}","templated":true}]}}