{"id":31197,"date":"2026-01-08T11:09:25","date_gmt":"2026-01-08T10:09:25","guid":{"rendered":"https:\/\/webbspain.com\/?page_id=31197"},"modified":"2026-04-13T11:37:24","modified_gmt":"2026-04-13T09:37:24","slug":"proveedor-certificado-ecovadis-nqc","status":"publish","type":"page","link":"https:\/\/webbspain.com\/fr\/proveedor-certificado-ecovadis-nqc\/","title":{"rendered":"Fournisseur certifi\u00e9 Ecovadis NQC"},"content":{"rendered":"<div data-elementor-type=\"wp-page\" data-elementor-id=\"31197\" class=\"elementor elementor-31197\">\n\t\t\t\t\r\n\t\t<div class=\"default no-position show_shadow rs-sticky-default elementor-element elementor-element-6763ed3d e-flex e-con-boxed wpr-particle-no wpr-jarallax-no wpr-parallax-no wpr-sticky-section-no e-con e-parent\" data-id=\"6763ed3d\" data-element_type=\"container\" data-e-type=\"container\">\n\t\t\t\t\t<div class=\"e-con-inner\">\n\t\t\r\n\t\t<div class=\"default no-position show_shadow rs-sticky-default elementor-element elementor-element-572c0dab e-flex e-con-boxed wpr-particle-no wpr-jarallax-no wpr-parallax-no wpr-sticky-section-no e-con e-child\" data-id=\"572c0dab\" data-element_type=\"container\" data-e-type=\"container\">\n\t\t\t\t\t<div class=\"e-con-inner\">\n\t\t\r\n\t\t\t\t<div class=\"elementor-element elementor-element-24975622 elementor-widget__width-initial elementor-widget elementor-widget-rs-heading\" data-id=\"24975622\" data-element_type=\"widget\" data-e-type=\"widget\" data-widget_type=\"rs-heading.default\">\n\t\t\t\t<div class=\"elementor-widget-container\">\n\t\t\t\t\t\n\t\t<div class=\"prelements-heading style1\">\n\t\t\t<div class=\"title-inner\">\n\t\t\t\t<h1 class=\"title rs-split-text-enable split-in-fade\">Auditor\u00edas externas superadas<\/h1>\n\t\t\t<\/div>\n\t\t\t\t\t\t\t<div class=\"description\">\n\t\t\t\t\t<p>Como parte de nuestro compromiso con la transparencia y la excelencia, <strong>hemos superado<\/strong> <strong>auditor\u00edas externas realizadas por entidades de referencia internacional<\/strong>.<\/p>\t\t\t\t<\/div>\n\t\t\t\t\t<\/div>\n\t\t\t\t<\/div>\n\t\t\t\t<\/div>\n\t\t\r\n\t\t\t\t<div class=\"elementor-element elementor-element-6af26cf8 elementor-widget elementor-widget-text-editor\" data-id=\"6af26cf8\" data-element_type=\"widget\" data-e-type=\"widget\" data-widget_type=\"text-editor.default\">\n\t\t\t\t\t\t\t\t\t<p data-start=\"168\" data-end=\"434\">La superaci\u00f3n de estas auditor\u00edas avala la<strong> solidez operativa de Jervis B. Webb Espa\u00f1a<\/strong> y su capacidad para operar bajo criterios de <strong>m\u00e1xima exigencia<\/strong>, combinando rigor t\u00e9cnico, responsabilidad ambiental y un marco \u00e9tico alineado con las mejores pr\u00e1cticas del sector.<\/p><p data-start=\"441\" data-end=\"741\">Elegirnos es incorporar a la cadena de valor un socio industrial <strong>preparado para responder a los requerimientos de industrias altamente reguladas y complejas<\/strong> \u2014como la automoci\u00f3n, la farmac\u00e9utica, la alimentaria o la manufactura avanzada\u2014 con niveles de desempe\u00f1o que superan los est\u00e1ndares habituales.<\/p>\t\t\t\t\t\t\t\t<\/div>\n\t\t\t\t\t<\/div>\n\t\t\t\t<\/div>\n\t\t\r\n\t\t<div class=\"default no-position show_shadow rs-sticky-default elementor-element elementor-element-180a1919 e-con-full e-flex wpr-particle-no wpr-jarallax-no wpr-parallax-no wpr-sticky-section-no e-con e-child\" data-id=\"180a1919\" data-element_type=\"container\" data-e-type=\"container\">\n\t\t\r\n\t\t\t\t<div class=\"elementor-element elementor-element-6867047d elementor-widget__width-auto elementor-invisible elementor-widget elementor-widget-image\" data-id=\"6867047d\" data-element_type=\"widget\" data-e-type=\"widget\" data-settings=\"{&quot;_animation&quot;:&quot;fadeInLeft&quot;}\" data-widget_type=\"image.default\">\n\t\t\t\t\t\t\t\t\t\t\t\t\t\t\t<img fetchpriority=\"high\" decoding=\"async\" width=\"640\" height=\"427\" src=\"https:\/\/webbspain.com\/wp-content\/uploads\/2026\/01\/webbspain-jervis-b-webb-auditorias-superadas-transporte-automatizado.jpg\" class=\"attachment-large size-large wp-image-31226\" alt=\"webbspain-jervis-b-webb-auditorias-superadas-\" srcset=\"https:\/\/webbspain.com\/wp-content\/uploads\/2026\/01\/webbspain-jervis-b-webb-auditorias-superadas-transporte-automatizado.jpg 992w, https:\/\/webbspain.com\/wp-content\/uploads\/2026\/01\/webbspain-jervis-b-webb-auditorias-superadas-transporte-automatizado-300x200.jpg 300w, https:\/\/webbspain.com\/wp-content\/uploads\/2026\/01\/webbspain-jervis-b-webb-auditorias-superadas-transporte-automatizado-768x513.jpg 768w\" sizes=\"(max-width: 640px) 100vw, 640px\" \/>\t\t\t\t\t\t\t\t\t\t\t\t\t\t\t<\/div>\n\t\t\r\n\t\t<div class=\"default no-position show_shadow rs-sticky-default elementor-element elementor-element-5f2d8807 e-con-full elementor-hidden-mobile elementor-hidden-tablet e-flex wpr-particle-no wpr-jarallax-no wpr-parallax-no wpr-sticky-section-no e-con e-child\" data-id=\"5f2d8807\" data-element_type=\"container\" data-e-type=\"container\" data-settings=\"{&quot;background_background&quot;:&quot;classic&quot;,&quot;position&quot;:&quot;absolute&quot;}\">\n\t\t\r\n\t\t\t\t<div class=\"elementor-element elementor-element-80afce7 elementor-invisible elementor-widget elementor-widget-rs-image\" data-id=\"80afce7\" data-element_type=\"widget\" data-e-type=\"widget\" data-settings=\"{&quot;_animation&quot;:&quot;fadeInUp&quot;}\" data-widget_type=\"rs-image.default\">\n\t\t\t\t<div class=\"elementor-widget-container\">\n\t\t\t\t\t\n        <div class=\"rs-image  ruler_image_ ruler_position_\">\n                                                            <img decoding=\"async\" class=\"rs-multi-image  reverse- blend_unset\" src=\"https:\/\/webbspain.com\/wp-content\/uploads\/2026\/01\/webbspain-jervis-b-webb-auditorias-superadas-.jpg\" alt=\"image\"\/>\n                                                                        <\/div>   \n          \n    \t\t\t\t<\/div>\n\t\t\t\t<\/div>\n\t\t\t\t<\/div>\n\t\t\t\t<\/div>\n\t\t\t\t\t<\/div>\n\t\t\t\t<\/div>\n\t\t\r\n\t\t<div class=\"default no-position show_shadow rs-sticky-default elementor-element elementor-element-7e1c8be8 e-con-full e-flex wpr-particle-no wpr-jarallax-no wpr-parallax-no wpr-sticky-section-no e-con e-parent\" data-id=\"7e1c8be8\" data-element_type=\"container\" data-e-type=\"container\" data-settings=\"{&quot;background_background&quot;:&quot;classic&quot;}\">\n\t\t\r\n\t\t<div class=\"default no-position show_shadow rs-sticky-default elementor-element elementor-element-3d8a40ec e-flex e-con-boxed wpr-particle-no wpr-jarallax-no wpr-parallax-no wpr-sticky-section-no e-con e-child\" data-id=\"3d8a40ec\" data-element_type=\"container\" data-e-type=\"container\">\n\t\t\t\t\t<div class=\"e-con-inner\">\n\t\t\r\n\t\t<div class=\"default no-position show_shadow rs-sticky-default elementor-element elementor-element-5e343a97 e-con-full e-flex wpr-particle-no wpr-jarallax-no wpr-parallax-no wpr-sticky-section-no e-con e-child\" data-id=\"5e343a97\" data-element_type=\"container\" data-e-type=\"container\">\n\t\t\r\n\t\t<div class=\"default no-position show_shadow rs-sticky-default elementor-element elementor-element-4a3ac4a7 e-con-full e-flex wpr-particle-no wpr-jarallax-no wpr-parallax-no wpr-sticky-section-no e-con e-child\" data-id=\"4a3ac4a7\" data-element_type=\"container\" data-e-type=\"container\">\n\t\t\r\n\t\t<div class=\"default no-position show_shadow rs-sticky-default elementor-element elementor-element-7687772 e-con-full e-flex wpr-particle-no wpr-jarallax-no wpr-parallax-no wpr-sticky-section-no e-con e-child\" data-id=\"7687772\" data-element_type=\"container\" data-e-type=\"container\">\n\t\t\r\n\t\t\t\t<div class=\"elementor-element elementor-element-0507a24 elementor-widget elementor-widget-image\" data-id=\"0507a24\" data-element_type=\"widget\" data-e-type=\"widget\" data-widget_type=\"image.default\">\n\t\t\t\t\t\t\t\t\t\t\t\t\t\t\t<img decoding=\"async\" width=\"595\" height=\"595\" src=\"https:\/\/webbspain.com\/wp-content\/uploads\/2026\/01\/jervis-b-webb-spain-certificado-ecovadis.png\" class=\"attachment-full size-full wp-image-31532\" alt=\"jervis-b-webb-espagne-certificat-ecovadis\" srcset=\"https:\/\/webbspain.com\/wp-content\/uploads\/2026\/01\/jervis-b-webb-spain-certificado-ecovadis.png 595w, https:\/\/webbspain.com\/wp-content\/uploads\/2026\/01\/jervis-b-webb-spain-certificado-ecovadis-300x300.png 300w, https:\/\/webbspain.com\/wp-content\/uploads\/2026\/01\/jervis-b-webb-spain-certificado-ecovadis-150x150.png 150w, https:\/\/webbspain.com\/wp-content\/uploads\/2026\/01\/jervis-b-webb-spain-certificado-ecovadis-500x500.png 500w\" sizes=\"(max-width: 595px) 100vw, 595px\" \/>\t\t\t\t\t\t\t\t\t\t\t\t\t\t\t<\/div>\n\t\t\t\t<\/div>\n\t\t\r\n\t\t\t\t<div class=\"elementor-element elementor-element-15e22320 elementor-widget elementor-widget-rs-service-grid\" data-id=\"15e22320\" data-element_type=\"widget\" data-e-type=\"widget\" data-widget_type=\"rs-service-grid.default\">\n\t\t\t\t<div class=\"elementor-widget-container\">\n\t\t\t\t\t\r\n\t\t<div class=\"rs-addon-services style8\">\r\n\t\t\t<div class=\"services-inner  box\">\r\n    \r\n    <div class=\"content_part\">\r\n        \r\n                    <div class=\"services-title\">\r\n                                    <h2 class=\"title\"> EcoVadis<\/h2>\r\n                            <\/div>\r\n        \r\n                    <div class=\"desc-text\">\r\n                Nous avons \u00e9t\u00e9 \u00e9valu\u00e9s positivement par cette plateforme leader en d\u00e9veloppement durable des entreprises, qui analyse nos performances dans des domaines tels que l'environnement, les pratiques de travail, l'\u00e9thique des affaires et les achats responsables.            <\/div>\r\n        \r\n            <\/div>\r\n<\/div>\t\t<\/div>\r\n\r\n\t\t\t\t<\/div>\n\t\t\t\t<\/div>\n\t\t\t\t<\/div>\n\t\t\r\n\t\t<div class=\"default no-position show_shadow rs-sticky-default elementor-element elementor-element-321097ef e-con-full e-flex wpr-particle-no wpr-jarallax-no wpr-parallax-no wpr-sticky-section-no e-con e-child\" data-id=\"321097ef\" data-element_type=\"container\" data-e-type=\"container\">\n\t\t\r\n\t\t<div class=\"default no-position show_shadow rs-sticky-default elementor-element elementor-element-1750cc0 e-con-full e-flex wpr-particle-no wpr-jarallax-no wpr-parallax-no wpr-sticky-section-no e-con e-child\" data-id=\"1750cc0\" data-element_type=\"container\" data-e-type=\"container\">\n\t\t\r\n\t\t\t\t<div class=\"elementor-element elementor-element-15149eb elementor-widget elementor-widget-image\" data-id=\"15149eb\" data-element_type=\"widget\" data-e-type=\"widget\" data-widget_type=\"image.default\">\n\t\t\t\t\t\t\t\t\t\t\t\t\t\t\t<img decoding=\"async\" width=\"909\" height=\"294\" src=\"https:\/\/webbspain.com\/wp-content\/uploads\/2026\/02\/supplierassurance-x-nqc-logo.png\" class=\"attachment-full size-full wp-image-32497\" alt=\"\" srcset=\"https:\/\/webbspain.com\/wp-content\/uploads\/2026\/02\/supplierassurance-x-nqc-logo.png 909w, https:\/\/webbspain.com\/wp-content\/uploads\/2026\/02\/supplierassurance-x-nqc-logo-300x97.png 300w, https:\/\/webbspain.com\/wp-content\/uploads\/2026\/02\/supplierassurance-x-nqc-logo-768x248.png 768w\" sizes=\"(max-width: 909px) 100vw, 909px\" \/>\t\t\t\t\t\t\t\t\t\t\t\t\t\t\t<\/div>\n\t\t\t\t<\/div>\n\t\t\r\n\t\t\t\t<div class=\"elementor-element elementor-element-84b7c4b elementor-widget elementor-widget-rs-service-grid\" data-id=\"84b7c4b\" data-element_type=\"widget\" data-e-type=\"widget\" data-widget_type=\"rs-service-grid.default\">\n\t\t\t\t<div class=\"elementor-widget-container\">\n\t\t\t\t\t\r\n\t\t<div class=\"rs-addon-services style8\">\r\n\t\t\t<div class=\"services-inner  box\">\r\n    \r\n    <div class=\"content_part\">\r\n        \r\n                    <div class=\"services-title\">\r\n                                    <h2 class=\"title\"> NQC Assurance<\/h2>\r\n                            <\/div>\r\n        \r\n                    <div class=\"desc-text\">\r\n                Cet audit sp\u00e9cialis\u00e9 dans la cha\u00eene d'approvisionnement et la durabilit\u00e9, tr\u00e8s appr\u00e9ci\u00e9 par les grands groupes industriels, a valid\u00e9 notre conformit\u00e9 aux normes internationales de qualit\u00e9 et de responsabilit\u00e9.            <\/div>\r\n        \r\n            <\/div>\r\n<\/div>\t\t<\/div>\r\n\r\n\t\t\t\t<\/div>\n\t\t\t\t<\/div>\n\t\t\t\t<\/div>\n\t\t\r\n\t\t<div class=\"default no-position show_shadow rs-sticky-default elementor-element elementor-element-4cee52c5 e-con-full e-flex wpr-particle-no wpr-jarallax-no wpr-parallax-no wpr-sticky-section-no e-con e-child\" data-id=\"4cee52c5\" data-element_type=\"container\" data-e-type=\"container\">\n\t\t\r\n\t\t<div class=\"default no-position show_shadow rs-sticky-default elementor-element elementor-element-7c61412 e-con-full e-flex wpr-particle-no wpr-jarallax-no wpr-parallax-no wpr-sticky-section-no e-con e-child\" data-id=\"7c61412\" data-element_type=\"container\" data-e-type=\"container\">\n\t\t\r\n\t\t\t\t<div class=\"elementor-element elementor-element-29bebe7 elementor-widget elementor-widget-image\" data-id=\"29bebe7\" data-element_type=\"widget\" data-e-type=\"widget\" data-widget_type=\"image.default\">\n\t\t\t\t\t\t\t\t\t\t\t\t\t\t\t<img loading=\"lazy\" decoding=\"async\" width=\"357\" height=\"187\" src=\"https:\/\/webbspain.com\/wp-content\/uploads\/2026\/02\/oca-global-jervis-WEBB-spain_ENG-1.png\" class=\"attachment-full size-full wp-image-32496\" alt=\"\" srcset=\"https:\/\/webbspain.com\/wp-content\/uploads\/2026\/02\/oca-global-jervis-WEBB-spain_ENG-1.png 357w, https:\/\/webbspain.com\/wp-content\/uploads\/2026\/02\/oca-global-jervis-WEBB-spain_ENG-1-300x157.png 300w\" sizes=\"(max-width: 357px) 100vw, 357px\" \/>\t\t\t\t\t\t\t\t\t\t\t\t\t\t\t<\/div>\n\t\t\t\t<\/div>\n\t\t\r\n\t\t\t\t<div class=\"elementor-element elementor-element-38a44e42 elementor-widget elementor-widget-rs-service-grid\" data-id=\"38a44e42\" data-element_type=\"widget\" data-e-type=\"widget\" data-widget_type=\"rs-service-grid.default\">\n\t\t\t\t<div class=\"elementor-widget-container\">\n\t\t\t\t\t\r\n\t\t<div class=\"rs-addon-services style8\">\r\n\t\t\t<div class=\"services-inner  box\">\r\n    \r\n    <div class=\"content_part\">\r\n        \r\n                    <div class=\"services-title\">\r\n                                    <h2 class=\"title\"> OCA Global<\/h2>\r\n                            <\/div>\r\n        \r\n                    <div class=\"desc-text\">\r\n                Organisme ind\u00e9pendant de certification qui a audit\u00e9 avec succ\u00e8s divers domaines de notre activit\u00e9, avalisant l'efficacit\u00e9 de nos syst\u00e8mes et processus.            <\/div>\r\n        \r\n            <\/div>\r\n<\/div>\t\t<\/div>\r\n\r\n\t\t\t\t<\/div>\n\t\t\t\t<\/div>\n\t\t\t\t<\/div>\n\t\t\t\t<\/div>\n\t\t\t\t\t<\/div>\n\t\t\t\t<\/div>\n\t\t\t\t<\/div>\n\t\t\t\t<\/div>","protected":false},"excerpt":{"rendered":"<p>Auditor\u00edas externas superadas Como parte de nuestro compromiso con la transparencia y la excelencia, hemos superado auditor\u00edas externas realizadas por entidades de referencia internacional. La superaci\u00f3n de estas auditor\u00edas avala la solidez operativa de Jervis B. Webb Espa\u00f1a y su capacidad para operar bajo criterios de m\u00e1xima exigencia, combinando rigor t\u00e9cnico, responsabilidad ambiental y un marco \u00e9tico alineado con las mejores pr\u00e1cticas del sector. Elegirnos es incorporar a la cadena de valor un socio industrial preparado para responder a los requerimientos de industrias altamente reguladas y complejas \u2014como la automoci\u00f3n, la farmac\u00e9utica, la alimentaria o la manufactura avanzada\u2014 con niveles de desempe\u00f1o que superan los est\u00e1ndares habituales. EcoVadis\u2028 Hemos sido evaluados positivamente por esta plataforma l\u00edder en sostenibilidad empresarial, que analiza nuestro desempe\u00f1o en aspectos como el medio ambiente, pr\u00e1cticas laborales, \u00e9tica empresarial y compras responsables. NQC Assurance\u2028 Esta auditor\u00eda especializada en la cadena de suministro y sostenibilidad, muy valorada por grandes grupos industriales, ha validado nuestro cumplimiento de est\u00e1ndares internacionales de calidad y responsabilidad. OCA Global\u2028 Organismo independiente de certi\ufb01caci\u00f3n que ha auditado con \u00e9xito diversas \u00e1reas de nuestra actividad, avalando la e\ufb01cacia de nuestros sistemas y procesos.<\/p>","protected":false},"author":3,"featured_media":0,"parent":0,"menu_order":0,"comment_status":"closed","ping_status":"closed","template":"elementor_header_footer","meta":{"footnotes":""},"class_list":["post-31197","page","type-page","status-publish","hentry"],"aioseo_notices":[],"_links":{"self":[{"href":"https:\/\/webbspain.com\/fr\/wp-json\/wp\/v2\/pages\/31197","targetHints":{"allow":["GET"]}}],"collection":[{"href":"https:\/\/webbspain.com\/fr\/wp-json\/wp\/v2\/pages"}],"about":[{"href":"https:\/\/webbspain.com\/fr\/wp-json\/wp\/v2\/types\/page"}],"author":[{"embeddable":true,"href":"https:\/\/webbspain.com\/fr\/wp-json\/wp\/v2\/users\/3"}],"replies":[{"embeddable":true,"href":"https:\/\/webbspain.com\/fr\/wp-json\/wp\/v2\/comments?post=31197"}],"version-history":[{"count":91,"href":"https:\/\/webbspain.com\/fr\/wp-json\/wp\/v2\/pages\/31197\/revisions"}],"predecessor-version":[{"id":33265,"href":"https:\/\/webbspain.com\/fr\/wp-json\/wp\/v2\/pages\/31197\/revisions\/33265"}],"wp:attachment":[{"href":"https:\/\/webbspain.com\/fr\/wp-json\/wp\/v2\/media?parent=31197"}],"curies":[{"name":"wp","href":"https:\/\/api.w.org\/{rel}","templated":true}]}}