{"id":31339,"date":"2026-01-12T15:37:19","date_gmt":"2026-01-12T14:37:19","guid":{"rendered":"https:\/\/webbspain.com\/?page_id=31339"},"modified":"2026-04-13T12:23:07","modified_gmt":"2026-04-13T10:23:07","slug":"canal-denuncia-transparencia","status":"publish","type":"page","link":"https:\/\/webbspain.com\/fr\/canal-denuncia-transparencia\/","title":{"rendered":"Canal de denuncia \/ Transparencia"},"content":{"rendered":"<div data-elementor-type=\"wp-page\" data-elementor-id=\"31339\" class=\"elementor elementor-31339\">\n\t\t\t\t\r\n\t\t<div class=\"default no-position show_shadow rs-sticky-default elementor-element elementor-element-8845625 e-flex e-con-boxed wpr-particle-no wpr-jarallax-no wpr-parallax-no wpr-sticky-section-no e-con e-parent\" data-id=\"8845625\" data-element_type=\"container\" data-e-type=\"container\">\n\t\t\t\t\t<div class=\"e-con-inner\">\n\t\t\r\n\t\t<div class=\"default no-position show_shadow rs-sticky-default elementor-element elementor-element-78b9cce4 e-flex e-con-boxed wpr-particle-no wpr-jarallax-no wpr-parallax-no wpr-sticky-section-no e-con e-child\" data-id=\"78b9cce4\" data-element_type=\"container\" data-e-type=\"container\">\n\t\t\t\t\t<div class=\"e-con-inner\">\n\t\t\r\n\t\t\t\t<div class=\"elementor-element elementor-element-3a1baf0b elementor-widget__width-initial elementor-widget elementor-widget-rs-heading\" data-id=\"3a1baf0b\" data-element_type=\"widget\" data-e-type=\"widget\" data-widget_type=\"rs-heading.default\">\n\t\t\t\t<div class=\"elementor-widget-container\">\n\t\t\t\t\t\n\t\t<div class=\"prelements-heading style1\">\n\t\t\t<div class=\"title-inner\">\n\t\t\t\t<h1 class=\"title rs-split-text-enable split-in-fade\">Canal de d\u00e9nonciation<\/h1>\n\t\t\t<\/div>\n\t\t\t\t\t\t\t<div class=\"description\">\n\t\t\t\t\t<p>Se han creado dos canales de denuncia,\u00a0<strong>interno y externo<\/strong>, para que los trabajadores puedan, de forma an\u00f3nima, ser atendidos frente a las cuestiones de dicho\u00a0<strong>compliance<\/strong>.<\/p><p>Nuestro sistema de denuncia se rige por los principios de:<\/p>\t\t\t\t<\/div>\n\t\t\t\t\t<\/div>\n\t\t\t\t<\/div>\n\t\t\t\t<\/div>\n\t\t\r\n\t\t\t\t<div class=\"elementor-element elementor-element-7ab4d48 elementor-icon-list--layout-traditional elementor-list-item-link-full_width elementor-widget elementor-widget-icon-list\" data-id=\"7ab4d48\" data-element_type=\"widget\" data-e-type=\"widget\" data-widget_type=\"icon-list.default\">\n\t\t\t\t\t\t\t<ul class=\"elementor-icon-list-items\">\n\t\t\t\t\t\t\t<li class=\"elementor-icon-list-item\">\n\t\t\t\t\t\t\t\t\t\t\t<span class=\"elementor-icon-list-icon\">\n\t\t\t\t\t\t\t<svg aria-hidden=\"true\" class=\"e-font-icon-svg e-far-check-circle\" viewbox=\"0 0 512 512\" xmlns=\"http:\/\/www.w3.org\/2000\/svg\"><path d=\"M256 8C119.033 8 8 119.033 8 256s111.033 248 248 248 248-111.033 248-248S392.967 8 256 8zm0 48c110.532 0 200 89.451 200 200 0 110.532-89.451 200-200 200-110.532 0-200-89.451-200-200 0-110.532 89.451-200 200-200m140.204 130.267l-22.536-22.718c-4.667-4.705-12.265-4.736-16.97-.068L215.346 303.697l-59.792-60.277c-4.667-4.705-12.265-4.736-16.97-.069l-22.719 22.536c-4.705 4.667-4.736 12.265-.068 16.971l90.781 91.516c4.667 4.705 12.265 4.736 16.97.068l172.589-171.204c4.704-4.668 4.734-12.266.067-16.971z\"><\/path><\/svg>\t\t\t\t\t\t<\/span>\n\t\t\t\t\t\t\t\t\t\t<span class=\"elementor-icon-list-text\">Procedimiento justo<\/span>\n\t\t\t\t\t\t\t\t\t<\/li>\n\t\t\t\t\t\t\t\t<li class=\"elementor-icon-list-item\">\n\t\t\t\t\t\t\t\t\t\t\t<span class=\"elementor-icon-list-icon\">\n\t\t\t\t\t\t\t<svg aria-hidden=\"true\" class=\"e-font-icon-svg e-far-check-circle\" viewbox=\"0 0 512 512\" xmlns=\"http:\/\/www.w3.org\/2000\/svg\"><path d=\"M256 8C119.033 8 8 119.033 8 256s111.033 248 248 248 248-111.033 248-248S392.967 8 256 8zm0 48c110.532 0 200 89.451 200 200 0 110.532-89.451 200-200 200-110.532 0-200-89.451-200-200 0-110.532 89.451-200 200-200m140.204 130.267l-22.536-22.718c-4.667-4.705-12.265-4.736-16.97-.068L215.346 303.697l-59.792-60.277c-4.667-4.705-12.265-4.736-16.97-.069l-22.719 22.536c-4.705 4.667-4.736 12.265-.068 16.971l90.781 91.516c4.667 4.705 12.265 4.736 16.97.068l172.589-171.204c4.704-4.668 4.734-12.266.067-16.971z\"><\/path><\/svg>\t\t\t\t\t\t<\/span>\n\t\t\t\t\t\t\t\t\t\t<span class=\"elementor-icon-list-text\">Presunci\u00f3n de inocencia<\/span>\n\t\t\t\t\t\t\t\t\t<\/li>\n\t\t\t\t\t\t\t\t<li class=\"elementor-icon-list-item\">\n\t\t\t\t\t\t\t\t\t\t\t<span class=\"elementor-icon-list-icon\">\n\t\t\t\t\t\t\t<svg aria-hidden=\"true\" class=\"e-font-icon-svg e-far-check-circle\" viewbox=\"0 0 512 512\" xmlns=\"http:\/\/www.w3.org\/2000\/svg\"><path d=\"M256 8C119.033 8 8 119.033 8 256s111.033 248 248 248 248-111.033 248-248S392.967 8 256 8zm0 48c110.532 0 200 89.451 200 200 0 110.532-89.451 200-200 200-110.532 0-200-89.451-200-200 0-110.532 89.451-200 200-200m140.204 130.267l-22.536-22.718c-4.667-4.705-12.265-4.736-16.97-.068L215.346 303.697l-59.792-60.277c-4.667-4.705-12.265-4.736-16.97-.069l-22.719 22.536c-4.705 4.667-4.736 12.265-.068 16.971l90.781 91.516c4.667 4.705 12.265 4.736 16.97.068l172.589-171.204c4.704-4.668 4.734-12.266.067-16.971z\"><\/path><\/svg>\t\t\t\t\t\t<\/span>\n\t\t\t\t\t\t\t\t\t\t<span class=\"elementor-icon-list-text\">Proporcionalidad<\/span>\n\t\t\t\t\t\t\t\t\t<\/li>\n\t\t\t\t\t\t\t\t<li class=\"elementor-icon-list-item\">\n\t\t\t\t\t\t\t\t\t\t\t<span class=\"elementor-icon-list-icon\">\n\t\t\t\t\t\t\t<svg aria-hidden=\"true\" class=\"e-font-icon-svg e-far-check-circle\" viewbox=\"0 0 512 512\" xmlns=\"http:\/\/www.w3.org\/2000\/svg\"><path d=\"M256 8C119.033 8 8 119.033 8 256s111.033 248 248 248 248-111.033 248-248S392.967 8 256 8zm0 48c110.532 0 200 89.451 200 200 0 110.532-89.451 200-200 200-110.532 0-200-89.451-200-200 0-110.532 89.451-200 200-200m140.204 130.267l-22.536-22.718c-4.667-4.705-12.265-4.736-16.97-.068L215.346 303.697l-59.792-60.277c-4.667-4.705-12.265-4.736-16.97-.069l-22.719 22.536c-4.705 4.667-4.736 12.265-.068 16.971l90.781 91.516c4.667 4.705 12.265 4.736 16.97.068l172.589-171.204c4.704-4.668 4.734-12.266.067-16.971z\"><\/path><\/svg>\t\t\t\t\t\t<\/span>\n\t\t\t\t\t\t\t\t\t\t<span class=\"elementor-icon-list-text\">Protecci\u00f3n de los informantes<\/span>\n\t\t\t\t\t\t\t\t\t<\/li>\n\t\t\t\t\t\t<\/ul>\n\t\t\t\t\t\t<\/div>\n\t\t\r\n\t\t\t\t<div class=\"elementor-element elementor-element-e63183b elementor-widget elementor-widget-text-editor\" data-id=\"e63183b\" data-element_type=\"widget\" data-e-type=\"widget\" data-widget_type=\"text-editor.default\">\n\t\t\t\t\t\t\t\t\t<p>Este sistema est\u00e1 a disposici\u00f3n de nuestros empleados como de otros terceros interesados.<\/p><p><strong>Todas las denuncias se tratar\u00e1n con la m\u00e1xima confidencialidad.<\/strong><\/p><p><strong>\u00a0<\/strong><\/p>\t\t\t\t\t\t\t\t<\/div>\n\t\t\t\t\t<\/div>\n\t\t\t\t<\/div>\n\t\t\r\n\t\t<div class=\"default no-position show_shadow rs-sticky-default elementor-element elementor-element-7bc97ac2 e-con-full e-flex wpr-particle-no wpr-jarallax-no wpr-parallax-no wpr-sticky-section-no e-con e-child\" data-id=\"7bc97ac2\" data-element_type=\"container\" data-e-type=\"container\">\n\t\t\r\n\t\t\t\t<div class=\"elementor-element elementor-element-6f41d86f elementor-widget__width-auto elementor-invisible elementor-widget elementor-widget-image\" data-id=\"6f41d86f\" data-element_type=\"widget\" data-e-type=\"widget\" data-settings=\"{&quot;_animation&quot;:&quot;fadeInLeft&quot;}\" data-widget_type=\"image.default\">\n\t\t\t\t\t\t\t\t\t\t\t\t\t\t\t<img fetchpriority=\"high\" decoding=\"async\" width=\"640\" height=\"427\" src=\"https:\/\/webbspain.com\/wp-content\/uploads\/2026\/01\/webbspain-jervis-b-webb-canal-denuncias.jpg\" class=\"attachment-large size-large wp-image-31375\" alt=\"webbspain-jervis-b-webb-canal-denuncias\" srcset=\"https:\/\/webbspain.com\/wp-content\/uploads\/2026\/01\/webbspain-jervis-b-webb-canal-denuncias.jpg 900w, https:\/\/webbspain.com\/wp-content\/uploads\/2026\/01\/webbspain-jervis-b-webb-canal-denuncias-300x200.jpg 300w, https:\/\/webbspain.com\/wp-content\/uploads\/2026\/01\/webbspain-jervis-b-webb-canal-denuncias-768x512.jpg 768w\" sizes=\"(max-width: 640px) 100vw, 640px\" \/>\t\t\t\t\t\t\t\t\t\t\t\t\t\t\t<\/div>\n\t\t\r\n\t\t<div class=\"default no-position show_shadow rs-sticky-default elementor-element elementor-element-3626d08a e-con-full elementor-hidden-mobile elementor-hidden-tablet e-flex wpr-particle-no wpr-jarallax-no wpr-parallax-no wpr-sticky-section-no e-con e-child\" data-id=\"3626d08a\" data-element_type=\"container\" data-e-type=\"container\" data-settings=\"{&quot;background_background&quot;:&quot;classic&quot;,&quot;position&quot;:&quot;absolute&quot;}\">\n\t\t\r\n\t\t\t\t<div class=\"elementor-element elementor-element-a648f37 elementor-invisible elementor-widget elementor-widget-rs-image\" data-id=\"a648f37\" data-element_type=\"widget\" data-e-type=\"widget\" data-settings=\"{&quot;_animation&quot;:&quot;fadeInUp&quot;}\" data-widget_type=\"rs-image.default\">\n\t\t\t\t<div class=\"elementor-widget-container\">\n\t\t\t\t\t\n        <div class=\"rs-image  ruler_image_ ruler_position_\">\n                                                            <img decoding=\"async\" class=\"rs-multi-image  reverse- blend_unset\" src=\"https:\/\/webbspain.com\/wp-content\/uploads\/2026\/01\/webbspain-jervis-b-webb-transparencia-canal-denuncias.jpg\" alt=\"image\"\/>\n                                                                        <\/div>   \n          \n    \t\t\t\t<\/div>\n\t\t\t\t<\/div>\n\t\t\t\t<\/div>\n\t\t\t\t<\/div>\n\t\t\t\t\t<\/div>\n\t\t\t\t<\/div>\n\t\t\r\n\t\t<div class=\"default no-position show_shadow rs-sticky-default elementor-element elementor-element-bccf8a6 e-con-full e-flex wpr-particle-no wpr-jarallax-no wpr-parallax-no wpr-sticky-section-no e-con e-parent\" data-id=\"bccf8a6\" data-element_type=\"container\" data-e-type=\"container\" data-settings=\"{&quot;background_background&quot;:&quot;classic&quot;}\">\n\t\t\r\n\t\t<div class=\"default no-position show_shadow rs-sticky-default elementor-element elementor-element-68e4e7b e-con-full e-flex wpr-particle-no wpr-jarallax-no wpr-parallax-no wpr-sticky-section-no e-con e-child\" data-id=\"68e4e7b\" data-element_type=\"container\" data-e-type=\"container\">\n\t\t\r\n\t\t\t\t<div class=\"elementor-element elementor-element-29099790 elementor-widget elementor-widget-text-editor\" data-id=\"29099790\" data-element_type=\"widget\" data-e-type=\"widget\" data-widget_type=\"text-editor.default\">\n\t\t\t\t\t\t\t\t\t<p class=\"p1\">Pueden\u00a0<strong>comunicar\u00a0<\/strong>la existencia de irregularidades utilizando el siguiente canal:<\/p>\t\t\t\t\t\t\t\t<\/div>\n\t\t\t\t<\/div>\n\t\t\r\n\t\t<div class=\"default no-position show_shadow rs-sticky-default elementor-element elementor-element-877357a e-con-full e-flex wpr-particle-no wpr-jarallax-no wpr-parallax-no wpr-sticky-section-no e-con e-child\" data-id=\"877357a\" data-element_type=\"container\" data-e-type=\"container\">\n\t\t\r\n\t\t\t\t<div class=\"elementor-element elementor-element-6d8321d elementor-widget elementor-widget-rs-button\" data-id=\"6d8321d\" data-element_type=\"widget\" data-e-type=\"widget\" data-widget_type=\"rs-button.default\">\n\t\t\t\t<div class=\"elementor-widget-container\">\n\t\t\t\t\t\t\t<div class=\"rs-button style1\">\r\n\t\t\t\t\t\t<a class=\"rs-btn\" href=\"https:\/\/webbspain.com\/fr\/canal-denuncias\/\" >\t\r\n\t\t\t\t<span>Ir al formulario de denuncias \r\n\t\t\t\t\t\t\t\t\t<em>\r\n\t\t\t\t\t\t<i aria-hidden=\"true\" class=\"ri-arrow-right-line\"><\/i>\t\t\t\t\t\t<i aria-hidden=\"true\" class=\"ri-arrow-right-line\"><\/i>\t\t\t\t\t<\/em>\t\r\n\t\t\t\t\t\t\t\t<\/span>\r\n\t\t\t<\/a>\r\n\t\t<\/div>\r\n\t\t\t\t<\/div>\n\t\t\t\t<\/div>\n\t\t\t\t<\/div>\n\t\t\r\n\t\t<div class=\"default no-position show_shadow rs-sticky-default elementor-element elementor-element-87fffe7 e-con-full e-flex wpr-particle-no wpr-jarallax-no wpr-parallax-no wpr-sticky-section-no e-con e-child\" data-id=\"87fffe7\" data-element_type=\"container\" data-e-type=\"container\">\n\t\t\r\n\t\t\t\t<div class=\"elementor-element elementor-element-101934e elementor-widget__width-initial elementor-widget elementor-widget-text-editor\" data-id=\"101934e\" data-element_type=\"widget\" data-e-type=\"widget\" data-widget_type=\"text-editor.default\">\n\t\t\t\t\t\t\t\t\t<p>Adem\u00e1s, disponemos de un canal de denuncia externo gestionado por\u00a0<strong>RCM Suport Empresa, S.L.\u00a0<\/strong>a qui\u00e9n los informantes pueden remitir las denuncias.<\/p><p>Nuestro contacto es el Sr. Santi Mundi, abogado colegiado. Est\u00e1 obligado por juramento a guardar secreto profesional, mantener estrictamente en el anonimato la identidad de los informantes si as\u00ed lo solicitan, y a tratar los datos proporcionados con la m\u00e1s estricta confidencialidad.<\/p><p>Es posible contactar con \u00e9l por tel\u00e9fono o por correo electr\u00f3nico:<\/p><p>Tel\u00e9fono: +34 93 215 12 00<\/p><p>Courriel : <a href=\"mailto:emanchon@suportempresa.com\">emanchon@suportempresa.com<\/a><\/p>\t\t\t\t\t\t\t\t<\/div>\n\t\t\t\t<\/div>\n\t\t\t\t<\/div>\n\t\t\r\n\t\t<div class=\"default no-position show_shadow rs-sticky-default elementor-element elementor-element-462725d e-con-full e-grid wpr-particle-no wpr-jarallax-no wpr-parallax-no wpr-sticky-section-no e-con e-parent\" data-id=\"462725d\" data-element_type=\"container\" data-e-type=\"container\" data-settings=\"{&quot;background_background&quot;:&quot;classic&quot;}\">\n\t\t\r\n\t\t<div class=\"default no-position show_shadow rs-sticky-default elementor-element elementor-element-16ce639 e-con-full e-flex wpr-particle-no wpr-jarallax-no wpr-parallax-no wpr-sticky-section-no e-con e-child\" data-id=\"16ce639\" data-element_type=\"container\" data-e-type=\"container\">\n\t\t\r\n\t\t\t\t<div class=\"elementor-element elementor-element-b7a0ed3 elementor-widget elementor-widget-image\" data-id=\"b7a0ed3\" data-element_type=\"widget\" data-e-type=\"widget\" data-widget_type=\"image.default\">\n\t\t\t\t\t\t\t\t\t\t\t\t\t\t\t<img decoding=\"async\" width=\"992\" height=\"661\" src=\"https:\/\/webbspain.com\/wp-content\/uploads\/2026\/01\/webbspain-jervis-b-webb-canal-denuncias-no-represalias.jpg\" class=\"attachment-full size-full wp-image-31385\" alt=\"webbspain-jervis-b-webb-canal-denuncias-no-represalias\" srcset=\"https:\/\/webbspain.com\/wp-content\/uploads\/2026\/01\/webbspain-jervis-b-webb-canal-denuncias-no-represalias.jpg 992w, https:\/\/webbspain.com\/wp-content\/uploads\/2026\/01\/webbspain-jervis-b-webb-canal-denuncias-no-represalias-300x200.jpg 300w, https:\/\/webbspain.com\/wp-content\/uploads\/2026\/01\/webbspain-jervis-b-webb-canal-denuncias-no-represalias-768x512.jpg 768w\" sizes=\"(max-width: 992px) 100vw, 992px\" \/>\t\t\t\t\t\t\t\t\t\t\t\t\t\t\t<\/div>\n\t\t\t\t<\/div>\n\t\t\r\n\t\t<div class=\"default no-position show_shadow rs-sticky-default elementor-element elementor-element-abf9baf e-flex e-con-boxed wpr-particle-no wpr-jarallax-no wpr-parallax-no wpr-sticky-section-no e-con e-child\" data-id=\"abf9baf\" data-element_type=\"container\" data-e-type=\"container\">\n\t\t\t\t\t<div class=\"e-con-inner\">\n\t\t\r\n\t\t\t\t<div class=\"elementor-element elementor-element-96a2125 elementor-widget elementor-widget-rs-heading\" data-id=\"96a2125\" data-element_type=\"widget\" data-e-type=\"widget\" data-widget_type=\"rs-heading.default\">\n\t\t\t\t<div class=\"elementor-widget-container\">\n\t\t\t\t\t\n\t\t<div class=\"prelements-heading default\">\n\t\t\t<div class=\"title-inner\">\n\t\t\t\t<h2 class=\"title rs-split-text-disable\">Pol\u00edtica de No Represalias<\/h2>\n\t\t\t<\/div>\n\t\t\t\t\t<\/div>\n\t\t\t\t<\/div>\n\t\t\t\t<\/div>\n\t\t\r\n\t\t\t\t<div class=\"elementor-element elementor-element-f93c71c elementor-widget__width-initial elementor-widget elementor-widget-text-editor\" data-id=\"f93c71c\" data-element_type=\"widget\" data-e-type=\"widget\" data-widget_type=\"text-editor.default\">\n\t\t\t\t\t\t\t\t\t<p>Jervis proh\u00edbe cualquier represalia contra quienes, de buena fe, denuncien o colaboren en la investigaci\u00f3n de posibles incumplimientos \u00e9ticos, normativos o internos. La empresa promueve una cultura donde los empleados puedan expresar inquietudes sin temor, y actuar\u00e1 con \ufb01rmeza frente a cualquier intento de represalia.\u2028<\/p><p>Cualquier conducta de este tipo ser\u00e1 sancionada disciplinariamente, incluso con el despido.<\/p>\t\t\t\t\t\t\t\t<\/div>\n\t\t\t\t\t<\/div>\n\t\t\t\t<\/div>\n\t\t\t\t<\/div>\n\t\t\r\n\t\t<div class=\"default no-position show_shadow rs-sticky-default elementor-element elementor-element-04307d8 e-con-full e-flex wpr-particle-no wpr-jarallax-no wpr-parallax-no wpr-sticky-section-no e-con e-parent\" data-id=\"04307d8\" data-element_type=\"container\" data-e-type=\"container\">\n\t\t\r\n\t\t\t\t<div class=\"elementor-element elementor-element-f6acb55 elementor-widget__width-inherit elementor-widget-divider--view-line elementor-widget elementor-widget-divider\" data-id=\"f6acb55\" data-element_type=\"widget\" data-e-type=\"widget\" data-widget_type=\"divider.default\">\n\t\t\t\t\t\t\t<div class=\"elementor-divider\">\n\t\t\t<span class=\"elementor-divider-separator\">\n\t\t\t\t\t\t<\/span>\n\t\t<\/div>\n\t\t\t\t\t\t<\/div>\n\t\t\t\t<\/div>\n\t\t\t\t<\/div>","protected":false},"excerpt":{"rendered":"<p>Canal de denuncia Se han creado dos canales de denuncia,\u00a0interno y externo, para que los trabajadores puedan, de forma an\u00f3nima, ser atendidos frente a las cuestiones de dicho\u00a0compliance. Nuestro sistema de denuncia se rige por los principios de: Procedimiento justo Presunci\u00f3n de inocencia Proporcionalidad Protecci\u00f3n de los informantes Este sistema est\u00e1 a disposici\u00f3n de nuestros empleados como de otros terceros interesados. Todas las denuncias se tratar\u00e1n con la m\u00e1xima confidencialidad. \u00a0 Pueden\u00a0comunicar\u00a0la existencia de irregularidades utilizando el siguiente canal: Ir al formulario de denuncias Adem\u00e1s, disponemos de un canal de denuncia externo gestionado por\u00a0RCM Suport Empresa, S.L.\u00a0a qui\u00e9n los informantes pueden remitir las denuncias. Nuestro contacto es el Sr. Santi Mundi, abogado colegiado. Est\u00e1 obligado por juramento a guardar secreto profesional, mantener estrictamente en el anonimato la identidad de los informantes si as\u00ed lo solicitan, y a tratar los datos proporcionados con la m\u00e1s estricta confidencialidad. Es posible contactar con \u00e9l por tel\u00e9fono o por correo electr\u00f3nico: Tel\u00e9fono: +34 93 215 12 00 Email: emanchon@suportempresa.com Pol\u00edtica de No Represalias Jervis proh\u00edbe cualquier represalia contra quienes, de buena fe, denuncien o colaboren en la investigaci\u00f3n de posibles incumplimientos \u00e9ticos, normativos o internos. La empresa promueve una cultura donde los empleados puedan expresar inquietudes sin temor, y actuar\u00e1 con \ufb01rmeza frente a cualquier intento de represalia.\u2028 Cualquier conducta de este tipo ser\u00e1 sancionada disciplinariamente, incluso con el despido.<\/p>","protected":false},"author":3,"featured_media":0,"parent":0,"menu_order":0,"comment_status":"closed","ping_status":"closed","template":"elementor_header_footer","meta":{"footnotes":""},"class_list":["post-31339","page","type-page","status-publish","hentry"],"aioseo_notices":[],"_links":{"self":[{"href":"https:\/\/webbspain.com\/fr\/wp-json\/wp\/v2\/pages\/31339","targetHints":{"allow":["GET"]}}],"collection":[{"href":"https:\/\/webbspain.com\/fr\/wp-json\/wp\/v2\/pages"}],"about":[{"href":"https:\/\/webbspain.com\/fr\/wp-json\/wp\/v2\/types\/page"}],"author":[{"embeddable":true,"href":"https:\/\/webbspain.com\/fr\/wp-json\/wp\/v2\/users\/3"}],"replies":[{"embeddable":true,"href":"https:\/\/webbspain.com\/fr\/wp-json\/wp\/v2\/comments?post=31339"}],"version-history":[{"count":76,"href":"https:\/\/webbspain.com\/fr\/wp-json\/wp\/v2\/pages\/31339\/revisions"}],"predecessor-version":[{"id":33338,"href":"https:\/\/webbspain.com\/fr\/wp-json\/wp\/v2\/pages\/31339\/revisions\/33338"}],"wp:attachment":[{"href":"https:\/\/webbspain.com\/fr\/wp-json\/wp\/v2\/media?parent=31339"}],"curies":[{"name":"wp","href":"https:\/\/api.w.org\/{rel}","templated":true}]}}