{"id":31680,"date":"2026-01-24T12:43:46","date_gmt":"2026-01-24T11:43:46","guid":{"rendered":"https:\/\/webbspain.com\/?page_id=31680"},"modified":"2026-01-26T11:04:06","modified_gmt":"2026-01-26T10:04:06","slug":"politica-de-cookies","status":"publish","type":"page","link":"https:\/\/webbspain.com\/fr\/politica-de-cookies\/","title":{"rendered":"Pol\u00edtica de cookies"},"content":{"rendered":"\t\t<div data-elementor-type=\"wp-page\" data-elementor-id=\"31680\" class=\"elementor elementor-31680\">\n\t\t\t\t\r\n\t\t<div class=\"default no-position show_shadow rs-sticky-default elementor-element elementor-element-cabd210 e-flex e-con-boxed wpr-particle-no wpr-jarallax-no wpr-parallax-no wpr-sticky-section-no e-con e-parent\" data-id=\"cabd210\" data-element_type=\"container\" data-e-type=\"container\">\n\t\t\t\t\t<div class=\"e-con-inner\">\n\t\t\r\n\t\t\t\t<div class=\"elementor-element elementor-element-4f0b8e5 elementor-widget elementor-widget-text-editor\" data-id=\"4f0b8e5\" data-element_type=\"widget\" data-e-type=\"widget\" data-widget_type=\"text-editor.default\">\n\t\t\t\t\t\t\t\t\t<section class=\"elementor-section elementor-top-section elementor-element elementor-element-75484ab elementor-section-boxed elementor-section-height-default elementor-section-height-default\" data-id=\"75484ab\" data-element_type=\"section\"><div class=\"elementor-container elementor-column-gap-default\"><div class=\"elementor-column elementor-col-100 elementor-top-column elementor-element elementor-element-c043cf5\" data-id=\"c043cf5\" data-element_type=\"column\"><div class=\"elementor-widget-wrap elementor-element-populated\"><div class=\"elementor-element elementor-element-2aae073 elementor-widget elementor-widget-text-editor\" data-id=\"2aae073\" data-element_type=\"widget\" data-widget_type=\"text-editor.default\"><div class=\"elementor-widget-container\"><h1>Pol\u00edtica de cookies<\/h1><p>NOTA ACLARATORIA: Las cookies son peque\u00f1os archivos inform\u00e1ticos que muchas webs almacenan en los dispositivos de los usuarios con distintas finalidades: medir el tr\u00e1fico, servir publicidad basada en la navegaci\u00f3n o permitir el uso de algunas funcionalidades de la web. Resulta imprescindible conocer qu\u00e9 tipo de cookies usa cada p\u00e1gina web a fin de conocer si debe aplicarse o no la normativa que regula su uso por qu\u00e9 no todas ellas se consideran sujetas a su cumplimiento, as\u00ed est\u00e1n afectadas por la ley la siguiente tipolog\u00eda de cookies: (a) las anal\u00edticas, (b) las publicitarias y (c) las de publicidad comportamental.<\/p><p>[En el caso de la web analizada puede observarse el uso de cookies anal\u00edticas, que est\u00e1n sujetas a la normativa vigente]. Ello implica que deber\u00e1 incluirse la siguiente informaci\u00f3n y adem\u00e1s que dichas cookies no podr\u00e1n instalarse en los dispositivos o el navegador del usuario, hasta que \u00e9ste las acepte expresamente.<\/p><h4>Pol\u00edticas de cookies<\/h4><p>En cumplimiento de la Ley 34\/2002, de fecha 11 de julio, de servicios de la sociedad de la informaci\u00f3n y del comercio electr\u00f3nico, <strong>JERVIS B. WEBB ESPA\u00d1A, S.L<\/strong>, informa a sus usuarios de la utilizaci\u00f3n de cookies para mejorar el servicio prestado.<\/p><p><strong>\u00bfQu\u00e9 son las cookies?<\/strong><\/p><p>Una cookie es un fichero que se descarga en su ordenador al acceder a determinadas p\u00e1ginas webs. Las cookies permiten a una p\u00e1gina web, entre otras, almacenar y recuperar informaci\u00f3n sobre los h\u00e1bitos de navegaci\u00f3n de un usuario o de su equipo para, en funci\u00f3n del tipo de navegaci\u00f3n, poder ofrecer un mejor servicio a trav\u00e9s de la p\u00e1gina web.<\/p><p><strong>\u00bfQu\u00e9 tipo de cookies utiliza esta p\u00e1gina web y cu\u00e1les son sus finalidades?<\/strong><\/p><ul><li><u>Cookies t\u00e9cnicas<\/u>: Son aqu\u00e9llas que permiten al usuario la navegaci\u00f3n a trav\u00e9s de una p\u00e1gina web, plataforma o aplicaci\u00f3n y la utilizaci\u00f3n de las diferentes opciones o servicios que en ella existan como, por ejemplo, controlar el tr\u00e1fico y la comunicaci\u00f3n de datos, identificar la sesi\u00f3n, acceder a partes de acceso restringido, recordar los elementos que integran un pedido, realizar el proceso de compra de un pedido, realizar la solicitud de inscripci\u00f3n o participaci\u00f3n en un evento, utilizar elementos de seguridad durante la navegaci\u00f3n, almacenar contenidos para la difusi\u00f3n de v\u00eddeos o sonido o compartir contenidos a trav\u00e9s de redes sociales.<\/li><li><u>Cookies de an\u00e1lisis<\/u>: Son aqu\u00e9llas que permiten al responsable de las mismas, el seguimiento y an\u00e1lisis del comportamiento de los usuarios de los sitios web a los que est\u00e1n vinculadas. La informaci\u00f3n recogida mediante este tipo de cookies se utiliza en la medici\u00f3n de la actividad de los sitios web, aplicaci\u00f3n o plataforma y para la elaboraci\u00f3n de perfiles de navegaci\u00f3n de los usuarios de dichos sitios, aplicaciones y plataformas, con el fin de introducir mejoras en funci\u00f3n del an\u00e1lisis de los datos de uso que hacen los usuarios del servicio.<\/li><li>Facebook:\u00a0<a href=\"https:\/\/www.facebook.com\/policies\/cookies\/\">https:\/\/www.facebook.com\/policies\/cookies\/<\/a><\/li><li>Twitter:\u00a0<a href=\"https:\/\/twitter.com\/es\/privacy\">https:\/\/twitter.com\/es\/privacy<\/a><\/li><li>Instagram:\u00a0<a href=\"https:\/\/help.instagram.com\/1896641480634370?ref=ig\">https:\/\/help.instagram.com\/1896641480634370?ref=ig<\/a><\/li><li>YouTube:\u00a0<a href=\"https:\/\/policies.google.com\/privacy?hl=es-419&amp;gl=mx\">https:\/\/policies.google.com\/privacy?hl=es-419&amp;gl=mx<\/a><\/li><li>Pinterest:\u00a0<a href=\"https:\/\/policy.pinterest.com\/es\/privacy-policy\">https:\/\/policy.pinterest.com\/es\/privacy-policy<\/a><\/li><li>LinkedIn:\u00a0<a href=\"https:\/\/www.linkedin.com\/legal\/cookie-policy?trk=hp-cookies\">https:\/\/www.linkedin.com\/legal\/cookie-policy?trk=hp-cookies<\/a><\/li><\/ul><p><strong>Cuadro de las Cookies que utiliza esta web<\/strong><\/p><p>La tabla que hay a continuaci\u00f3n recoge de forma esquematizada las cookies que utiliza esta p\u00e1gina web:<\/p><table width=\"567\"><tbody><tr><td width=\"94\"><p><strong>Nombre<\/strong><\/p><\/td><td width=\"104\"><p><strong>Responsable<\/strong><\/p><\/td><td width=\"76\"><p><strong>Duraci\u00f3n<\/strong><\/p><\/td><td width=\"293\"><p><strong>Descripci\u00f3n<\/strong><\/p><\/td><\/tr><tr><td width=\"94\">pll_language<\/td><td width=\"104\">webbspain.com<\/td><td width=\"76\">1 a\u00f1o<\/td><td width=\"293\">Polylang establece esta cookie para recordar el idioma que el usuario selecciona al volver al sitio web y obtener la informaci\u00f3n del idioma cuando no est\u00e1 disponible de otra manera.<\/td><\/tr><tr><td width=\"94\">cookielawinfo-checkbox-necessary<\/td><td width=\"104\">webbspain.com<\/td><td width=\"76\">1 a\u00f1o<\/td><td width=\"293\">Establecida por el complemento GDPR Cookie Consent, esta cookie registra el consentimiento del usuario para las cookies en la categor\u00eda \u00abNecessary\u00bb (Necesarias).<\/td><\/tr><tr><td width=\"94\">cookielawinfo-checkbox-non-necessary<\/td><td width=\"104\">webbspain.com<\/td><td width=\"76\">1 a\u00f1o<\/td><td width=\"293\">El complemento GDPR Cookie Consent establece esta cookie para registrar el consentimiento del usuario para las cookies en la categor\u00eda \u00abNecessary\u00bb (Necesarias).<\/td><\/tr><tr><td width=\"94\">\u00a0<\/td><td width=\"104\">\u00a0<\/td><td width=\"76\">\u00a0<\/td><td width=\"293\">\u00a0<\/td><\/tr><\/tbody><\/table><p><strong>\u00a0<\/strong><\/p><p><strong>Permitir, bloquear o eliminar las cookies<\/strong><\/p><p>Puede usted permitir, bloquear o eliminar las cookies instaladas en su equipo mediante la configuraci\u00f3n de las opciones del navegador instalado en su ordenador.<\/p><p>Puede obtener m\u00e1s informaci\u00f3n sobre c\u00f3mo eliminar o bloquear las cookies de su navegador en:<\/p><ul><li>Desactivar cookies en Chrome:<\/li><\/ul><p><a href=\"https:\/\/support.google.com\/chrome\/answer\/95647?hl=es\">https:\/\/support.google.com\/chrome\/answer\/95647?hl=es<\/a>\u00a0\u00a0<\/p><ul><li>Desactivar cookies en Firefox:<\/li><\/ul><p><a href=\"https:\/\/support.mozilla.org\/es\/kb\/habilitar-y-deshabilitar-cookies-sitios-web-rastrear-preferencias\">https:\/\/support.mozilla.org\/es\/kb\/habilitar-y-deshabilitar-cookies-sitios-web-rastrear-preferencias<\/a><\/p><ul><li>Desactivar cookies en Internet Explorer:<\/li><\/ul><p><a href=\"http:\/\/windows.microsoft.com\/es-es\/windows-vista\/block-or-allow-cookies\">http:\/\/windows.microsoft.com\/es-es\/windows-vista\/block-or-allow-cookies<\/a>\u00a0<\/p><ul><li><strong>Desactivar cookies en Safari:\u00a0<\/strong><\/li><\/ul><p><a href=\"https:\/\/support.apple.com\/es-es\/guide\/safari\/sfri11471\/mac\">https:\/\/support.apple.com\/es-es\/guide\/safari\/sfri11471\/mac<\/a><\/p><p>Para cualquier duda sobre nuestra pol\u00edtica de cookies puede dirigirse a Mariona Heredia, e-mail:\u00a0<a href=\"mailto:sac@rossello-mallol.com\">sac@rossello-mallol.com<\/a><\/p><\/div><\/div><\/div><\/div><\/div><\/section>\t\t\t\t\t\t\t\t<\/div>\n\t\t\t\t\t<\/div>\n\t\t\t\t<\/div>\n\t\t\t\t<\/div>\n\t\t","protected":false},"excerpt":{"rendered":"<p>Pol\u00edtica de cookies NOTA ACLARATORIA: Las cookies son peque\u00f1os archivos inform\u00e1ticos que muchas webs almacenan en los dispositivos de los usuarios con distintas finalidades: medir el tr\u00e1fico, servir publicidad basada en la navegaci\u00f3n o permitir el uso de algunas funcionalidades de la web. Resulta imprescindible conocer qu\u00e9 tipo de cookies usa cada p\u00e1gina web a fin de conocer si debe aplicarse o no la normativa que regula su uso por qu\u00e9 no todas ellas se consideran sujetas a su cumplimiento, as\u00ed est\u00e1n afectadas por la ley la siguiente tipolog\u00eda de cookies: (a) las anal\u00edticas, (b) las publicitarias y (c) las de publicidad comportamental&#8230;.<\/p>","protected":false},"author":3,"featured_media":0,"parent":0,"menu_order":0,"comment_status":"closed","ping_status":"closed","template":"","meta":{"footnotes":""},"class_list":["post-31680","page","type-page","status-publish","hentry"],"aioseo_notices":[],"_links":{"self":[{"href":"https:\/\/webbspain.com\/fr\/wp-json\/wp\/v2\/pages\/31680","targetHints":{"allow":["GET"]}}],"collection":[{"href":"https:\/\/webbspain.com\/fr\/wp-json\/wp\/v2\/pages"}],"about":[{"href":"https:\/\/webbspain.com\/fr\/wp-json\/wp\/v2\/types\/page"}],"author":[{"embeddable":true,"href":"https:\/\/webbspain.com\/fr\/wp-json\/wp\/v2\/users\/3"}],"replies":[{"embeddable":true,"href":"https:\/\/webbspain.com\/fr\/wp-json\/wp\/v2\/comments?post=31680"}],"version-history":[{"count":7,"href":"https:\/\/webbspain.com\/fr\/wp-json\/wp\/v2\/pages\/31680\/revisions"}],"predecessor-version":[{"id":31704,"href":"https:\/\/webbspain.com\/fr\/wp-json\/wp\/v2\/pages\/31680\/revisions\/31704"}],"wp:attachment":[{"href":"https:\/\/webbspain.com\/fr\/wp-json\/wp\/v2\/media?parent=31680"}],"curies":[{"name":"wp","href":"https:\/\/api.w.org\/{rel}","templated":true}]}}