{"id":31696,"date":"2026-01-26T10:40:08","date_gmt":"2026-01-26T09:40:08","guid":{"rendered":"https:\/\/webbspain.com\/?page_id=31696"},"modified":"2026-01-26T10:42:04","modified_gmt":"2026-01-26T09:42:04","slug":"aviso-legal","status":"publish","type":"page","link":"https:\/\/webbspain.com\/fr\/aviso-legal\/","title":{"rendered":"Avertissement l\u00e9gal"},"content":{"rendered":"<div data-elementor-type=\"wp-page\" data-elementor-id=\"31696\" class=\"elementor elementor-31696\">\n\t\t\t\t\r\n\t\t<div class=\"default no-position show_shadow rs-sticky-default elementor-element elementor-element-cabd210 e-flex e-con-boxed wpr-particle-no wpr-jarallax-no wpr-parallax-no wpr-sticky-section-no e-con e-parent\" data-id=\"cabd210\" data-element_type=\"container\" data-e-type=\"container\">\n\t\t\t\t\t<div class=\"e-con-inner\">\n\t\t\r\n\t\t\t\t<div class=\"elementor-element elementor-element-4f0b8e5 elementor-widget elementor-widget-text-editor\" data-id=\"4f0b8e5\" data-element_type=\"widget\" data-e-type=\"widget\" data-widget_type=\"text-editor.default\">\n\t\t\t\t\t\t\t\t\t<section class=\"elementor-section elementor-top-section elementor-element elementor-element-75484ab elementor-section-boxed elementor-section-height-default elementor-section-height-default\" data-id=\"75484ab\" data-element_type=\"section\"><div class=\"elementor-container elementor-column-gap-default\"><div class=\"elementor-column elementor-col-100 elementor-top-column elementor-element elementor-element-c043cf5\" data-id=\"c043cf5\" data-element_type=\"column\"><div class=\"elementor-widget-wrap elementor-element-populated\"><div class=\"elementor-element elementor-element-2aae073 elementor-widget elementor-widget-text-editor\" data-id=\"2aae073\" data-element_type=\"widget\" data-widget_type=\"text-editor.default\"><div class=\"elementor-widget-container\"><h1>aviso legal<\/h1><div class=\"nv-content-wrap entry-content\"><div class=\"elementor elementor-1194\" data-elementor-type=\"wp-page\" data-elementor-id=\"1194\"><section class=\"elementor-section elementor-top-section elementor-element elementor-element-e81eb42 elementor-section-boxed elementor-section-height-default elementor-section-height-default\" data-id=\"e81eb42\" data-element_type=\"section\"><div class=\"elementor-container elementor-column-gap-default\"><div class=\"elementor-column elementor-col-100 elementor-top-column elementor-element elementor-element-d08334e\" data-id=\"d08334e\" data-element_type=\"column\"><div class=\"elementor-widget-wrap elementor-element-populated\"><div class=\"elementor-element elementor-element-8703717 elementor-widget elementor-widget-text-editor\" data-id=\"8703717\" data-element_type=\"widget\" data-widget_type=\"text-editor.default\"><div class=\"elementor-widget-container\"><p>Este aviso legal regula el uso permitido de la p\u00e1gina <a href=\"https:\/\/webbspain.com\/fr\/\">https:\/\/webbspain.com\/<\/a> seg\u00fan lo dispuesto a continuaci\u00f3n:<\/p><p><strong>1) Cumplimiento LSSI:<\/strong> Art\u00edculo 10 Ley 34\/2002, de 11 de julio, de servicios a la sociedad de la informaci\u00f3n y comercio electr\u00f3nico.<\/p><p>Titular de la web: JERVIS B. WEBB ESPA\u00d1A, S.L (en adelante, \u00abEl Prestador del Servicio\u00bb).<br \/>Direcci\u00f3n: C\/ del Treball, 6.<br \/>CP: 08630 Ciudad: Abrera (Barcelona).<br \/>NIF.: B-66354010.<\/p><p>Inscrita en el registro mercantil de Barcelona, en tomo 44479, folio 220, hoja n\u00famero 457315, inscripci\u00f3n 1\u00ba el 30 de septiembre del 2014.<\/p><p><strong>2) Propiedad intelectual y responsabilidad sobre los contenidos.<\/strong><\/p><ul><li style=\"list-style-type: none;\"><ul><li style=\"list-style-type: none;\"><ul><li>Los derechos de propiedad intelectual de la presente p\u00e1gina web (<a href=\"https:\/\/webbspain.com\/fr\/\">https:\/\/webbspain.com\/<\/a>), su c\u00f3digo fuente, dise\u00f1o, fotograf\u00edas, textos, estructura de navegaci\u00f3n, bases de datos y diferentes elementos que se contienen, son titularidad del Prestador del Servicio, a quien corresponde el ejercicio exclusivo de los derechos de explotaci\u00f3n en cualquier forma y, en especial, los derechos de reproducci\u00f3n, distribuci\u00f3n, comunicaci\u00f3n p\u00fablica y transformaci\u00f3n.<\/li><li>Queda prohibido cualquier uso de todos los contenidos de la p\u00e1gina web, concretamente sobre los textos, dise\u00f1o, obras, marcas, logotipos, c\u00f3digo fuente y cualquier otro susceptible de protecci\u00f3n, sin la autorizaci\u00f3n expresa de sus titulares. Cualquier uso no permitido ser\u00e1 debidamente perseguido por los leg\u00edtimos propietarios. Igualmente, todos los nombres comerciales, marcas o signos distintivos de cualquier clase contenidos en la p\u00e1gina web est\u00e1n protegidos por la ley.<\/li><li>El titular de la p\u00e1gina web no se hace responsable de los contenidos a los que se dirigen los enlaces ubicados en \u00e9sta, seg\u00fan lo establecido en el art\u00edculo 17 de la LSSICE.<\/li><li>Los usuarios no podr\u00e1n emplear los contenidos de la web, pudiendo cogerlos, reproducirlos y distribuirlos, ni utilizarlos con fines comerciales ni manipularlos y hacer obras derivadas, sin haber obtenido antes el consentimiento o autorizaci\u00f3n del Prestador del Servicio.<\/li><\/ul><\/li><\/ul><\/li><\/ul><p>Adem\u00e1s, cualquier otra forma de explotaci\u00f3n, distinta de la mencionada en el p\u00e1rrafo anterior, por cualquier procedimiento, de todo o parte de los contenidos de esta p\u00e1gina web constituir\u00e1 una infracci\u00f3n de los derechos de propiedad intelectual y\/o industrial de la Compa\u00f1\u00eda o del titular de los mismos, pudiendo dar lugar al ejercicio por parte del Prestador del Servicio de todas las acciones judiciales o extrajudiciales que les pudieran corresponder en ejercicio de sus derechos.<\/p><p>Asimismo, la informaci\u00f3n a la que el Usuario puede acceder a trav\u00e9s de la web, puede estar protegida por derechos de propiedad industrial, intelectual o de cualquier otra \u00edndole. En consecuencia, el Prestador del Servicio no ser\u00e1 responsable en ning\u00fan caso y bajo ning\u00fan concepto de las infracciones que pueda cometer el Usuario en relaci\u00f3n con estos derechos.<\/p><p><strong>3) Condiciones de uso.<\/strong><\/p><p>Respecto a la web, el usuario puede visualizar, imprimir y descargarse parcialmente el contenido de la web, \u00fanicamente si concurren las siguientes situaciones:<\/p><ol><li><ol><li><ul><li>Que sea compatible con la finalidad del sitio web.<\/li><li>Que se realice con el exclusivo \u00e1nimo de obtener la informaci\u00f3n contenida para uso personal y privado. Se proh\u00edbe as\u00ed, expresamente, la utilizaci\u00f3n con fines comerciales.<\/li><li>Que ning\u00fan gr\u00e1fico, icono o imagen disponible en la web sea utilizado, copiado o distribuido separadamente del texto o resto de im\u00e1genes que lo acompa\u00f1an.<\/li><\/ul><\/li><\/ol><\/li><\/ol><p>El Usuario se compromete a utilizar la p\u00e1gina web, los contenidos y servicios de conformidad con la Ley, el presente Aviso Legal, las buenas costumbres y el orden p\u00fablico. Del mismo modo, el Usuario se obliga a no utilizar la p\u00e1gina web, sus contenidos o servicios que se presten a trav\u00e9s de \u00e9sta con fines o efectos il\u00edcitos, siendo contrarios a esta pol\u00edtica legal, o lesivos de intereses o derechos de terceros, o que de cualquier otra forma, pueda da\u00f1ar, inutilizar, hacer inaccesibles o deteriorar la p\u00e1gina web, sus contenidos o sus servicios o impedir un normal uso de la misma por parte de otros usuarios.<\/p><p>Asimismo, el Usuario se compromete expresamente a no destruir, alterar, inutilizar o, de cualquier otra forma, da\u00f1ar los datos, programas o documentos electr\u00f3nicos que se encuentren en la Web.<\/p><p>Todo de acuerdo con lo indicado en el punto 2.4 anterior.<\/p><p><strong>4) Modificaciones en la web y condiciones de uso<\/strong><\/p><p>El Prestador del Servicio se reserva el derecho de modificar y actualizar la informaci\u00f3n contenida en la web, as\u00ed como su configuraci\u00f3n, presentaci\u00f3n y condiciones de acceso. Asimismo, el Prestador del Servicio se reserva el derecho de actualizar el presente aviso legal sin previo aviso a los usuarios, cuando as\u00ed la normativa o la actualidad lo requiera.<\/p><p><strong>5) Limitaci\u00f3n de responsabilidad<\/strong><\/p><p>El Prestador del Servicio no garantiza la inexistencia de errores o interrupciones en el acceso a la web o a su contenido ni que \u00e9ste se encuentre actualizado. Si bien, el Prestador del Servicio emprender\u00e1 todas las acciones que est\u00e9n a su disposici\u00f3n para la soluci\u00f3n de cualquier error, desconexi\u00f3n o falta de actualizaci\u00f3n que pueda producirse en la web.<br \/>Tanto el acceso a la web como el uso no consentido que pueda efectuarse de la informaci\u00f3n contenida, es de exclusiva responsabilidad de quien lo realiza. As\u00ed, el Prestador del Servicio no se responsabiliza de cualquier consecuencia, da\u00f1o o perjuicio que pudiera derivarse de dicho acceso o uso por parte de terceros.<\/p><p>El Prestador del Servicio tampoco se responsabiliza de los errores de seguridad o da\u00f1os que puedan producirse como consecuencia de:<\/p><ol><li><ol><li><ul><li>La presencia de un virus en el ordenador de los usuarios que sea utilizado para la conexi\u00f3n con los servicios y contenidos de la web.<\/li><li>Un mal funcionamiento del navegador.<\/li><li>Uso de versiones no actualizadas del navegador.<\/li><\/ul><\/li><\/ol><\/li><\/ol><p>El Prestador del Servicio no garantiza la ausencia de virus u otros elementos en los contenidos que puedan producir alteraciones en el sistema inform\u00e1tico (hardware y software), en los documentos o ficheros de los usuarios.<\/p><p><strong>6) Legislaci\u00f3n aplicable y jurisdicci\u00f3n competente<\/strong><\/p><p>La presente pol\u00edtica legal queda sujeta a lo establecido en las leyes espa\u00f1olas. Para cualquier conflicto derivado de la interpretaci\u00f3n de las mismas, las partes se someten a la jurisdicci\u00f3n de los Tribunales de la ciudad de Barcelona (Espa\u00f1a), siempre que ello no sea contrario a lo dispuesto en el art\u00edculo 29 de la LSSI.<\/p><\/div><\/div><\/div><\/div><\/div><\/section><\/div><\/div><\/div><\/div><\/div><\/div><\/div><\/section>\t\t\t\t\t\t\t\t<\/div>\n\t\t\t\t\t<\/div>\n\t\t\t\t<\/div>\n\t\t\t\t<\/div>","protected":false},"excerpt":{"rendered":"<p>aviso legal Este aviso legal regula el uso permitido de la p\u00e1gina https:\/\/webbspain.com\/ seg\u00fan lo dispuesto a continuaci\u00f3n: 1) Cumplimiento LSSI: Art\u00edculo 10 Ley 34\/2002, de 11 de julio, de servicios a la sociedad de la informaci\u00f3n y comercio electr\u00f3nico. Titular de la web: JERVIS B. WEBB ESPA\u00d1A, S.L (en adelante, \u00abEl Prestador del Servicio\u00bb).Direcci\u00f3n: C\/ del Treball, 6.CP: 08630 Ciudad: Abrera (Barcelona).NIF.: B-66354010. Inscrita en el registro mercantil de Barcelona, en tomo 44479, folio 220, hoja n\u00famero 457315, inscripci\u00f3n 1\u00ba el 30 de septiembre del 2014. 2) Propiedad intelectual y responsabilidad sobre los contenidos. Los derechos de propiedad intelectual de la presente p\u00e1gina web (https:\/\/webbspain.com\/), su c\u00f3digo fuente, dise\u00f1o, fotograf\u00edas, textos, estructura de navegaci\u00f3n, bases de datos y diferentes elementos que se contienen, son titularidad del Prestador del Servicio, a quien corresponde el ejercicio exclusivo de los derechos de explotaci\u00f3n en cualquier forma y, en especial, los derechos de reproducci\u00f3n, distribuci\u00f3n, comunicaci\u00f3n p\u00fablica y transformaci\u00f3n. Queda prohibido cualquier uso de todos los contenidos de la p\u00e1gina web, concretamente sobre los textos, dise\u00f1o, obras, marcas, logotipos, c\u00f3digo fuente y cualquier otro susceptible de protecci\u00f3n, sin la autorizaci\u00f3n expresa de sus titulares. Cualquier uso no permitido ser\u00e1 debidamente perseguido por los leg\u00edtimos propietarios. Igualmente, todos los nombres comerciales, marcas o signos distintivos de cualquier clase contenidos en la p\u00e1gina web est\u00e1n protegidos por la ley. El titular de la p\u00e1gina web no se hace responsable de los contenidos a los que se dirigen los enlaces ubicados en \u00e9sta, seg\u00fan lo establecido en el art\u00edculo 17 de la LSSICE. Los usuarios no podr\u00e1n emplear los contenidos de la web, pudiendo cogerlos, reproducirlos y distribuirlos, ni utilizarlos con fines comerciales ni manipularlos y hacer obras derivadas, sin haber obtenido antes el consentimiento o autorizaci\u00f3n del Prestador del Servicio. Adem\u00e1s, cualquier otra forma de explotaci\u00f3n, distinta de la mencionada en el p\u00e1rrafo anterior, por cualquier procedimiento, de todo o parte de los contenidos de esta p\u00e1gina web constituir\u00e1 una infracci\u00f3n de los derechos de propiedad intelectual y\/o industrial de la Compa\u00f1\u00eda o del titular de los mismos, pudiendo dar lugar al ejercicio por parte del Prestador del Servicio de todas las acciones judiciales o extrajudiciales que les pudieran corresponder en ejercicio de sus derechos. Asimismo, la informaci\u00f3n a la que el Usuario puede acceder a trav\u00e9s de la web, puede estar protegida por derechos de propiedad industrial, intelectual o de cualquier otra \u00edndole. En consecuencia, el Prestador del Servicio no ser\u00e1 responsable en ning\u00fan caso y bajo ning\u00fan concepto de las infracciones que pueda cometer el Usuario en relaci\u00f3n con estos derechos. 3) Condiciones de uso. Respecto a la web, el usuario puede visualizar, imprimir y descargarse parcialmente el contenido de la web, \u00fanicamente si concurren las siguientes situaciones: Que sea compatible con la finalidad del sitio web. Que se realice con el exclusivo \u00e1nimo de obtener la informaci\u00f3n contenida para uso personal y privado. Se proh\u00edbe as\u00ed, expresamente, la utilizaci\u00f3n con fines comerciales. Que ning\u00fan gr\u00e1fico, icono o imagen disponible en la web sea utilizado, copiado o distribuido separadamente del texto o resto de im\u00e1genes que lo acompa\u00f1an. El Usuario se compromete a utilizar la p\u00e1gina web, los contenidos y servicios de conformidad con la Ley, el presente Aviso Legal, las buenas costumbres y el orden p\u00fablico. Del mismo modo, el Usuario se obliga a no utilizar la p\u00e1gina web, sus contenidos o servicios que se presten a trav\u00e9s de \u00e9sta con fines o efectos il\u00edcitos, siendo contrarios a esta pol\u00edtica legal, o lesivos de intereses o derechos de terceros, o que de cualquier otra forma, pueda da\u00f1ar, inutilizar, hacer inaccesibles o deteriorar la p\u00e1gina web, sus contenidos o sus servicios o impedir un normal uso de la misma por parte de otros usuarios. Asimismo, el Usuario se compromete expresamente a no destruir, alterar, inutilizar o, de cualquier otra forma, da\u00f1ar los datos, programas o documentos electr\u00f3nicos que se encuentren en la Web. Todo de acuerdo con lo indicado en el punto 2.4 anterior. 4) Modificaciones en la web y condiciones de uso El Prestador del Servicio se reserva el derecho de modificar y actualizar la informaci\u00f3n contenida en la web, as\u00ed como su configuraci\u00f3n, presentaci\u00f3n y condiciones de acceso. Asimismo, el Prestador del Servicio se reserva el derecho de actualizar el presente aviso legal sin previo aviso a los usuarios, cuando as\u00ed la normativa o la actualidad lo requiera. 5) Limitaci\u00f3n de responsabilidad El Prestador del Servicio no garantiza la inexistencia de errores o interrupciones en el acceso a la web o a su contenido ni que \u00e9ste se encuentre actualizado. Si bien, el Prestador del Servicio emprender\u00e1 todas las acciones que est\u00e9n a su disposici\u00f3n para la soluci\u00f3n de cualquier error, desconexi\u00f3n o falta de actualizaci\u00f3n que pueda producirse en la web.Tanto el acceso a la web como el uso no consentido que pueda efectuarse de la informaci\u00f3n contenida, es de exclusiva responsabilidad de quien lo realiza. As\u00ed, el Prestador del Servicio no se responsabiliza de cualquier consecuencia, da\u00f1o o perjuicio que pudiera derivarse de dicho acceso o uso por parte de terceros. El Prestador del Servicio tampoco se responsabiliza de los errores de seguridad o da\u00f1os que puedan producirse como consecuencia de: La presencia de un virus en el ordenador de los usuarios que sea utilizado para la conexi\u00f3n con los servicios y contenidos de la web. Un mal funcionamiento del navegador. Uso de versiones no actualizadas del navegador. El Prestador del Servicio no garantiza la ausencia de virus u otros elementos en los contenidos que puedan producir alteraciones en el sistema inform\u00e1tico (hardware y software), en los documentos o ficheros de los usuarios. 6) Legislaci\u00f3n aplicable y jurisdicci\u00f3n competente La presente pol\u00edtica legal queda sujeta a lo establecido en las leyes espa\u00f1olas. Para cualquier conflicto derivado de la interpretaci\u00f3n de las mismas, las partes se someten a la jurisdicci\u00f3n de los Tribunales de la ciudad de Barcelona (Espa\u00f1a), siempre que ello no sea contrario a lo dispuesto en el art\u00edculo 29 de la LSSI.<\/p>","protected":false},"author":3,"featured_media":0,"parent":0,"menu_order":0,"comment_status":"closed","ping_status":"closed","template":"","meta":{"footnotes":""},"class_list":["post-31696","page","type-page","status-publish","hentry"],"aioseo_notices":[],"_links":{"self":[{"href":"https:\/\/webbspain.com\/fr\/wp-json\/wp\/v2\/pages\/31696","targetHints":{"allow":["GET"]}}],"collection":[{"href":"https:\/\/webbspain.com\/fr\/wp-json\/wp\/v2\/pages"}],"about":[{"href":"https:\/\/webbspain.com\/fr\/wp-json\/wp\/v2\/types\/page"}],"author":[{"embeddable":true,"href":"https:\/\/webbspain.com\/fr\/wp-json\/wp\/v2\/users\/3"}],"replies":[{"embeddable":true,"href":"https:\/\/webbspain.com\/fr\/wp-json\/wp\/v2\/comments?post=31696"}],"version-history":[{"count":4,"href":"https:\/\/webbspain.com\/fr\/wp-json\/wp\/v2\/pages\/31696\/revisions"}],"predecessor-version":[{"id":31700,"href":"https:\/\/webbspain.com\/fr\/wp-json\/wp\/v2\/pages\/31696\/revisions\/31700"}],"wp:attachment":[{"href":"https:\/\/webbspain.com\/fr\/wp-json\/wp\/v2\/media?parent=31696"}],"curies":[{"name":"wp","href":"https:\/\/api.w.org\/{rel}","templated":true}]}}